{"id":87,"date":"2022-08-07T16:12:08","date_gmt":"2022-08-07T14:12:08","guid":{"rendered":"https:\/\/keen-cray.185-164-6-85.plesk.page\/?page_id=87"},"modified":"2023-03-20T18:37:21","modified_gmt":"2023-03-20T17:37:21","slug":"ueber-uns","status":"publish","type":"page","link":"https:\/\/goetzner-fasnat.at\/index.php\/ueber-uns\/","title":{"rendered":"\u00dcber Uns"},"content":{"rendered":"\n<h2 class=\"wp-block-heading\">Wer sind wir?<\/h2>\n\n\n\n<p>Ein Faschingsverein, bei dem Spa\u00df f\u00fcr die ganze Familie im Vordergrund steht und der Brauchtum Fasching seit der Gr\u00fcndung im Jahre 1988 im Vordergrund steht. Aber auch die Geselligkeit ist ein ganz wichtiger Punkt in unserem Vereinsgeschehen.<\/p>\n\n\n\n<p>Wir veranstalten alle zwei Jahre zusammen mit der freiwilligen Feuerwehr G\u00f6tzis den gro\u00dfen G\u00f6tzner Faschingsumzug, bei dem alle G\u00f6tzner Kinderg\u00e4rten als vermutlich gr\u00f6\u00dfte Umzugsgruppe \u00d6sterreichs teilnehmen.<\/p>\n\n\n\n<p>Seit 2019 veranstalten wir in diesem Jahr, wo kein Umzug stattfindet, den Kinderfasching in der Kulturb\u00fchne AMBACH.<\/p>\n\n\n\n<p>Jedes Jahr am gumpiga Donnschtig verteilen wir mit Unterst\u00fctzung der Marktgemeinde G\u00f6tzis und der G\u00f6tzner B\u00e4ckereien Krapfen an alle G\u00f6tzner Kinderbetreuungen, Kinderg\u00e4rten, Schulen, Haus der Generationen und Lebenshilfe.<\/p>\n\n\n\n<p>Dar\u00fcber hinaus, veranstalte wir f\u00fcr unsere Mitglieder verschiedene Events (K\u00fcbelefest, Zizelekegeln, Ausfl\u00fcge zum Skywalk, M\u00e4rchenstunde mit Hertha Gl\u00fcck im Bildungshaus St. Arbogast, etc.), bei denen die Geselligkeit und der Spa\u00df an oberster Stelle stehen.<\/p>\n\n\n\n<figure class=\"wp-block-image size-large\"><img loading=\"lazy\" decoding=\"async\" width=\"1024\" height=\"264\" src=\"https:\/\/goetzner-fasnat.at\/wp-content\/uploads\/2022\/12\/fasnatgesicht-1024x264.png\" alt=\"\" class=\"wp-image-129\" srcset=\"https:\/\/goetzner-fasnat.at\/wp-content\/uploads\/2022\/12\/fasnatgesicht-1024x264.png 1024w, https:\/\/goetzner-fasnat.at\/wp-content\/uploads\/2022\/12\/fasnatgesicht-300x77.png 300w, https:\/\/goetzner-fasnat.at\/wp-content\/uploads\/2022\/12\/fasnatgesicht-768x198.png 768w, https:\/\/goetzner-fasnat.at\/wp-content\/uploads\/2022\/12\/fasnatgesicht.png 1185w\" sizes=\"auto, (max-width: 1024px) 100vw, 1024px\" \/><\/figure>\n","protected":false},"excerpt":{"rendered":"<p>Wer sind wir? Ein Faschingsverein, bei dem Spa\u00df f\u00fcr die ganze Familie im Vordergrund steht und der Brauchtum Fasching seit der Gr\u00fcndung im Jahre 1988&hellip;<\/p>\n","protected":false},"author":1,"featured_media":0,"parent":0,"menu_order":0,"comment_status":"closed","ping_status":"closed","template":"","meta":{"ngg_post_thumbnail":0,"_price":"","_stock":"","_tribe_ticket_header":"","_tribe_default_ticket_provider":"","_ticket_start_date":"","_ticket_end_date":"","_tribe_ticket_show_description":"","_tribe_ticket_show_not_going":false,"_tribe_ticket_use_global_stock":"","_tribe_ticket_global_stock_level":"","_global_stock_mode":"","_global_stock_cap":"","_tribe_rsvp_for_event":"","_tribe_ticket_going_count":"","_tribe_ticket_not_going_count":"","_tribe_tickets_list":"[]","_tribe_ticket_has_attendee_info_fields":false,"_themeisle_gutenberg_block_has_review":false,"footnotes":"","_tec_slr_enabled":"","_tec_slr_layout":""},"class_list":["post-87","page","type-page","status-publish","hentry"],"ticketed":false,"_links":{"self":[{"href":"https:\/\/goetzner-fasnat.at\/index.php\/wp-json\/wp\/v2\/pages\/87","targetHints":{"allow":["GET"]}}],"collection":[{"href":"https:\/\/goetzner-fasnat.at\/index.php\/wp-json\/wp\/v2\/pages"}],"about":[{"href":"https:\/\/goetzner-fasnat.at\/index.php\/wp-json\/wp\/v2\/types\/page"}],"author":[{"embeddable":true,"href":"https:\/\/goetzner-fasnat.at\/index.php\/wp-json\/wp\/v2\/users\/1"}],"replies":[{"embeddable":true,"href":"https:\/\/goetzner-fasnat.at\/index.php\/wp-json\/wp\/v2\/comments?post=87"}],"version-history":[{"count":2,"href":"https:\/\/goetzner-fasnat.at\/index.php\/wp-json\/wp\/v2\/pages\/87\/revisions"}],"predecessor-version":[{"id":130,"href":"https:\/\/goetzner-fasnat.at\/index.php\/wp-json\/wp\/v2\/pages\/87\/revisions\/130"}],"wp:attachment":[{"href":"https:\/\/goetzner-fasnat.at\/index.php\/wp-json\/wp\/v2\/media?parent=87"}],"curies":[{"name":"wp","href":"https:\/\/api.w.org\/{rel}","templated":true}]}}