{"id":853,"date":"2024-11-02T14:34:42","date_gmt":"2024-11-02T13:34:42","guid":{"rendered":"https:\/\/goetzner-fasnat.at\/?page_id=853"},"modified":"2024-11-02T14:34:42","modified_gmt":"2024-11-02T13:34:42","slug":"bilder-archiv","status":"publish","type":"page","link":"https:\/\/goetzner-fasnat.at\/index.php\/bilder-archiv\/","title":{"rendered":"Bilder Archiv"},"content":{"rendered":"\n<p>K\u00fcbelefest 2023<\/p>\n\n\n\nngg_shortcode_0_placeholder\n\n\n\n<p>Krapfenaktion 2023<\/p>\n\n\n\nngg_shortcode_1_placeholder\n\n\n\n<p>Faschingsumzug M\u00e4der 2023<\/p>\n\n\n\nngg_shortcode_2_placeholder\n\n\n\n<p>Faschingsumzug Rankweil 2023<\/p>\n\n\n\nngg_shortcode_3_placeholder\n\n\n\n<p>Junker Jonas Markt 2022<\/p>\n\n\n\nngg_shortcode_4_placeholder\n\n\n\n<p>K\u00fcbelefest 2022<\/p>\n\n\n\nngg_shortcode_5_placeholder\n\n\n\n<p>Zizele Kegeln<\/p>\n\n\n\nngg_shortcode_6_placeholder\n\n\n\n<p>Wanderung vom Karren bis Schuttanen<\/p>\n\n\n\nngg_shortcode_7_placeholder\n\n\n\n<p>Frauakr\u00e4nzle<\/p>\n\n\n\nngg_shortcode_8_placeholder\n","protected":false},"excerpt":{"rendered":"<p>K\u00fcbelefest 2023 Krapfenaktion 2023 Faschingsumzug M\u00e4der 2023 Faschingsumzug Rankweil 2023 Junker Jonas Markt 2022 K\u00fcbelefest 2022 Zizele Kegeln Wanderung vom Karren bis Schuttanen Frauakr\u00e4nzle<\/p>\n","protected":false},"author":3,"featured_media":0,"parent":0,"menu_order":0,"comment_status":"closed","ping_status":"closed","template":"","meta":{"ngg_post_thumbnail":0,"_price":"","_stock":"","_tribe_ticket_header":"","_tribe_default_ticket_provider":"","_ticket_start_date":"","_ticket_end_date":"","_tribe_ticket_show_description":"","_tribe_ticket_show_not_going":false,"_tribe_ticket_use_global_stock":"","_tribe_ticket_global_stock_level":"","_global_stock_mode":"","_global_stock_cap":"","_tribe_rsvp_for_event":"","_tribe_ticket_going_count":"","_tribe_ticket_not_going_count":"","_tribe_tickets_list":"[]","_tribe_ticket_has_attendee_info_fields":false,"_themeisle_gutenberg_block_has_review":false,"footnotes":"","_tec_slr_enabled":"","_tec_slr_layout":""},"class_list":["post-853","page","type-page","status-publish","hentry"],"ticketed":false,"_links":{"self":[{"href":"https:\/\/goetzner-fasnat.at\/index.php\/wp-json\/wp\/v2\/pages\/853","targetHints":{"allow":["GET"]}}],"collection":[{"href":"https:\/\/goetzner-fasnat.at\/index.php\/wp-json\/wp\/v2\/pages"}],"about":[{"href":"https:\/\/goetzner-fasnat.at\/index.php\/wp-json\/wp\/v2\/types\/page"}],"author":[{"embeddable":true,"href":"https:\/\/goetzner-fasnat.at\/index.php\/wp-json\/wp\/v2\/users\/3"}],"replies":[{"embeddable":true,"href":"https:\/\/goetzner-fasnat.at\/index.php\/wp-json\/wp\/v2\/comments?post=853"}],"version-history":[{"count":1,"href":"https:\/\/goetzner-fasnat.at\/index.php\/wp-json\/wp\/v2\/pages\/853\/revisions"}],"predecessor-version":[{"id":855,"href":"https:\/\/goetzner-fasnat.at\/index.php\/wp-json\/wp\/v2\/pages\/853\/revisions\/855"}],"wp:attachment":[{"href":"https:\/\/goetzner-fasnat.at\/index.php\/wp-json\/wp\/v2\/media?parent=853"}],"curies":[{"name":"wp","href":"https:\/\/api.w.org\/{rel}","templated":true}]}}